{"id":4178,"date":"2025-01-16T16:56:35","date_gmt":"2025-01-16T21:56:35","guid":{"rendered":"https:\/\/ccmemphremagog.com\/?post_type=product&#038;p=4178"},"modified":"2025-01-16T17:14:56","modified_gmt":"2025-01-16T22:14:56","slug":"6-fevrier-conference-bien-etre-et-la-loi-27","status":"publish","type":"product","link":"https:\/\/ccmemphremagog.com\/en\/produit\/6-fevrier-conference-bien-etre-et-la-loi-27\/","title":{"rendered":"6 f\u00e9vrier &#8211; Conf\u00e9rence bien-\u00eatre et la loi 27"},"content":{"rendered":"<p>Dans un contexte o\u00f9 les entreprises doivent naviguer dans la complexit\u00e9 de la Loi 27 qui devra \u00eatre obligatoirement appliqu\u00e9e en entreprise pour le 6 octobre prochain et r\u00e9pondre aux besoins croissants de bien-\u00eatre au travail, Mosai et sa plateforme MosFlow se d\u00e9marquent par une approche innovante. Rejoignez Jean-Christophe Poirier, kin\u00e9siologue et sp\u00e9cialiste en bien-\u00eatre, et Patrick St-Hilaire pour une conf\u00e9rence qui explore :<\/p>\n<ul>\n<li>Comment l\u2019IA de MosFlow personnalise l\u2019exp\u00e9rience de chaque employ\u00e9 avec des outils adapt\u00e9s et valid\u00e9s par des experts.<\/li>\n<li>Les meilleures pratiques pour am\u00e9liorer le bien-\u00eatre global (gestion du stress, activit\u00e9 physique, nutrition).<\/li>\n<li>Des strat\u00e9gies concr\u00e8tes pour obtenir une certification \u00ab Entreprise en sant\u00e9 \u00bb.<\/li>\n<li>La formation des gestionnaires pour pr\u00e9venir les risques psychosociaux et r\u00e9pondre aux besoins des \u00e9quipes.<\/li>\n<\/ul>\n<p>Avec MosFlow, la technologie et l\u2019expertise humaine s\u2019unissent pour r\u00e9volutionner la sant\u00e9 globale au travail, simplifiant la gestion des initiatives tout en maximisant leur impact. Ne manquez pas cette occasion d\u2019adopter des solutions durables et performantes pour vos \u00e9quipes. Disponible en direct, en pr\u00e9sentiel et en rediffusion.<\/p>\n<p><a href=\"https:\/\/ccmemphremagog.com\/evenements\/\">Les places sont limit\u00e9es merci de vous inscrire ici\u00a0<\/a><\/p>\n","protected":false},"excerpt":{"rendered":"<p>Dans un contexte o\u00f9 les entreprises doivent naviguer dans la complexit\u00e9 de la Loi 27 qui devra \u00eatre obligatoirement appliqu\u00e9e en entreprise pour le 6 octobre prochain et r\u00e9pondre aux&#8230;<\/p>\n","protected":false},"featured_media":4179,"template":"","meta":{"_acf_changed":false},"product_brand":[],"product_cat":[76],"product_tag":[],"class_list":{"0":"post-4178","1":"product","2":"type-product","3":"status-publish","4":"has-post-thumbnail","6":"product_cat-evenements","8":"first","9":"instock","10":"taxable","11":"shipping-taxable","12":"purchasable","13":"product-type-simple"},"acf":[],"_links":{"self":[{"href":"https:\/\/ccmemphremagog.com\/en\/wp-json\/wp\/v2\/product\/4178","targetHints":{"allow":["GET"]}}],"collection":[{"href":"https:\/\/ccmemphremagog.com\/en\/wp-json\/wp\/v2\/product"}],"about":[{"href":"https:\/\/ccmemphremagog.com\/en\/wp-json\/wp\/v2\/types\/product"}],"wp:featuredmedia":[{"embeddable":true,"href":"https:\/\/ccmemphremagog.com\/en\/wp-json\/wp\/v2\/media\/4179"}],"wp:attachment":[{"href":"https:\/\/ccmemphremagog.com\/en\/wp-json\/wp\/v2\/media?parent=4178"}],"wp:term":[{"taxonomy":"product_brand","embeddable":true,"href":"https:\/\/ccmemphremagog.com\/en\/wp-json\/wp\/v2\/product_brand?post=4178"},{"taxonomy":"product_cat","embeddable":true,"href":"https:\/\/ccmemphremagog.com\/en\/wp-json\/wp\/v2\/product_cat?post=4178"},{"taxonomy":"product_tag","embeddable":true,"href":"https:\/\/ccmemphremagog.com\/en\/wp-json\/wp\/v2\/product_tag?post=4178"}],"curies":[{"name":"wp","href":"https:\/\/api.w.org\/{rel}","templated":true}]}}